{"id":111,"date":"2011-01-28T09:35:10","date_gmt":"2011-01-28T08:35:10","guid":{"rendered":"http:\/\/teszt.kekvilag.eu\/?page_id=111"},"modified":"2011-01-28T09:35:10","modified_gmt":"2011-01-28T08:35:10","slug":"honlapterkep","status":"publish","type":"page","link":"https:\/\/kekvilag.fokolare.hu\/?page_id=111","title":{"rendered":"Honlapt\u00e9rk\u00e9p"},"content":{"rendered":"<p>T\u00e9rk\u00e9p a honlap tartalm\u00e1r\u00f3l<\/p>\n","protected":false},"excerpt":{"rendered":"<p>T\u00e9rk\u00e9p a honlap tartalm\u00e1r\u00f3l<\/p>\n","protected":false},"author":1,"featured_media":0,"parent":0,"menu_order":10,"comment_status":"closed","ping_status":"open","template":"pagetpl-archives.php","meta":{"ngg_post_thumbnail":0,"footnotes":""},"class_list":["post-111","page","type-page","status-publish","hentry"],"_links":{"self":[{"href":"https:\/\/kekvilag.fokolare.hu\/index.php?rest_route=\/wp\/v2\/pages\/111","targetHints":{"allow":["GET"]}}],"collection":[{"href":"https:\/\/kekvilag.fokolare.hu\/index.php?rest_route=\/wp\/v2\/pages"}],"about":[{"href":"https:\/\/kekvilag.fokolare.hu\/index.php?rest_route=\/wp\/v2\/types\/page"}],"author":[{"embeddable":true,"href":"https:\/\/kekvilag.fokolare.hu\/index.php?rest_route=\/wp\/v2\/users\/1"}],"replies":[{"embeddable":true,"href":"https:\/\/kekvilag.fokolare.hu\/index.php?rest_route=%2Fwp%2Fv2%2Fcomments&post=111"}],"version-history":[{"count":0,"href":"https:\/\/kekvilag.fokolare.hu\/index.php?rest_route=\/wp\/v2\/pages\/111\/revisions"}],"wp:attachment":[{"href":"https:\/\/kekvilag.fokolare.hu\/index.php?rest_route=%2Fwp%2Fv2%2Fmedia&parent=111"}],"curies":[{"name":"wp","href":"https:\/\/api.w.org\/{rel}","templated":true}]}}