{"id":186,"date":"2006-09-17T23:00:00","date_gmt":"2006-09-17T22:00:00","guid":{"rendered":"http:\/\/teszt.kekvilag.eu\/2006_budapest_volofest\/"},"modified":"2006-09-17T23:00:00","modified_gmt":"2006-09-17T22:00:00","slug":"2006_budapest_volofest","status":"publish","type":"page","link":"https:\/\/kekvilag.fokolare.hu\/?page_id=186","title":{"rendered":"2006 Budapest &#8211; Az egyetemes testv\u00e9ris\u00e9g napja &#8211; k\u00e9pek"},"content":{"rendered":"ngg_shortcode_0_placeholder\n","protected":false},"excerpt":{"rendered":"","protected":false},"author":1,"featured_media":0,"parent":183,"menu_order":0,"comment_status":"closed","ping_status":"open","template":"","meta":{"ngg_post_thumbnail":0,"footnotes":""},"class_list":["post-186","page","type-page","status-publish","hentry"],"_links":{"self":[{"href":"https:\/\/kekvilag.fokolare.hu\/index.php?rest_route=\/wp\/v2\/pages\/186","targetHints":{"allow":["GET"]}}],"collection":[{"href":"https:\/\/kekvilag.fokolare.hu\/index.php?rest_route=\/wp\/v2\/pages"}],"about":[{"href":"https:\/\/kekvilag.fokolare.hu\/index.php?rest_route=\/wp\/v2\/types\/page"}],"author":[{"embeddable":true,"href":"https:\/\/kekvilag.fokolare.hu\/index.php?rest_route=\/wp\/v2\/users\/1"}],"replies":[{"embeddable":true,"href":"https:\/\/kekvilag.fokolare.hu\/index.php?rest_route=%2Fwp%2Fv2%2Fcomments&post=186"}],"version-history":[{"count":0,"href":"https:\/\/kekvilag.fokolare.hu\/index.php?rest_route=\/wp\/v2\/pages\/186\/revisions"}],"up":[{"embeddable":true,"href":"https:\/\/kekvilag.fokolare.hu\/index.php?rest_route=\/wp\/v2\/pages\/183"}],"wp:attachment":[{"href":"https:\/\/kekvilag.fokolare.hu\/index.php?rest_route=%2Fwp%2Fv2%2Fmedia&parent=186"}],"curies":[{"name":"wp","href":"https:\/\/api.w.org\/{rel}","templated":true}]}}