{"id":2,"date":"2019-11-24T22:16:10","date_gmt":"2019-11-24T22:16:10","guid":{"rendered":"http:\/\/kekvilag.fokolare.hu\/?page_id=2"},"modified":"2019-11-24T22:16:10","modified_gmt":"2019-11-24T22:16:10","slug":"pelda-oldal","status":"publish","type":"page","link":"https:\/\/kekvilag.fokolare.hu\/?page_id=2","title":{"rendered":"P\u00e9lda oldal"},"content":{"rendered":"<p>Ez egy minta egy oldal l\u00e9trehoz\u00e1s\u00e1hoz. Az oldal k\u00fcl\u00f6nb\u00f6zik a bejegyz\u00e9st\u0151l, mert az oldal \u00e1lland\u00f3an l\u00e1tszik a honlap men\u00fcj\u00e9ben, a navig\u00e1ci\u00f3 sor\u00e1n (a legt\u00f6bb sablonban). Az emberek t\u00f6bbs\u00e9ge haszn\u00e1lja a N\u00e9vjegy oldalt, amely arra szolg\u00e1l, hogy a lehets\u00e9ges l\u00e1togat\u00f3i sz\u00e1m\u00e1ra elmondjanak magukr\u00f3l, v\u00e1llalkoz\u00e1sukr\u00f3l, a honlapr\u00f3l n\u00e9h\u00e1ny jellemz\u0151 mondatot. Egyik lehets\u00e9ges megold\u00e1s erre pl.:<\/p>\n<blockquote><p>Hell\u00f3 Emberek! \u00c9n vagyok a h\u00edres egyfej\u0171A nevem is ennyi csak: S\u00fcs\u00fcDe \u00e9n egyiket se b\u00e1nomEgyfej\u0171k\u00e9nt \u00e9lem a vil\u00e1gom.<\/p><\/blockquote>\n<p>&#8230;. vagy egy m\u00e1sik p\u00e9lda:\\n<\/p>\n<blockquote><p>A<strong> K\u00f6nyvel\u0151z\u00f3na &#8211; K\u00f6nyvel\u0151iroda P\u00e9cs<\/strong> 1989-ben &#8211; akkor m\u00e9g m\u00e1s n\u00e9ven &#8211; ker\u00fclt megalap\u00edt\u00e1sra, \u00e9s az\u00f3ta t\u00f6bb sz\u00e1z \u00dcgyfel\u00e9nek ny\u00fajt k\u00f6nyvel\u00e9si sz\u00e1mviteli szolg\u00e1ltat\u00e1sokat. Irod\u00e1nk P\u00e9cs belv\u00e1ros\u00e1ban, az Aradi v\u00e9rtanuk \u00fatja 2. sz\u00e1m alatt tal\u00e1lhat\u00f3&#8230;<\/p><\/blockquote>\n<p>\u00daj WordPress-felhaszn\u00e1l\u00f3k\u00e9nt a <a href=\"http:\/\/kekvilag.fokolare.hu\/wp-admin\/\">Vez\u00e9rl\u0151pult<\/a>ba l\u00e9pve ez az oldal t\u00f6r\u00f6lhet\u0151, m\u00f3dos\u00edthat\u00f3 \u00e9s \u00faj oldalak hozhat\u00f3ak l\u00e9tre. J\u00f3 sz\u00f3rakoz\u00e1st!<\/p>\n","protected":false},"excerpt":{"rendered":"<p>Ez egy minta egy oldal l\u00e9trehoz\u00e1s\u00e1hoz. Az oldal k\u00fcl\u00f6nb\u00f6zik a bejegyz\u00e9st\u0151l, mert az oldal \u00e1lland\u00f3an l\u00e1tszik a honlap men\u00fcj\u00e9ben, a navig\u00e1ci\u00f3 sor\u00e1n (a legt\u00f6bb sablonban). Az emberek t\u00f6bbs\u00e9ge haszn\u00e1lja a [&hellip;]<\/p>\n","protected":false},"author":1,"featured_media":0,"parent":0,"menu_order":0,"comment_status":"open","ping_status":"open","template":"","meta":{"ngg_post_thumbnail":0,"footnotes":""},"class_list":["post-2","page","type-page","status-publish","hentry"],"_links":{"self":[{"href":"https:\/\/kekvilag.fokolare.hu\/index.php?rest_route=\/wp\/v2\/pages\/2","targetHints":{"allow":["GET"]}}],"collection":[{"href":"https:\/\/kekvilag.fokolare.hu\/index.php?rest_route=\/wp\/v2\/pages"}],"about":[{"href":"https:\/\/kekvilag.fokolare.hu\/index.php?rest_route=\/wp\/v2\/types\/page"}],"author":[{"embeddable":true,"href":"https:\/\/kekvilag.fokolare.hu\/index.php?rest_route=\/wp\/v2\/users\/1"}],"replies":[{"embeddable":true,"href":"https:\/\/kekvilag.fokolare.hu\/index.php?rest_route=%2Fwp%2Fv2%2Fcomments&post=2"}],"version-history":[{"count":0,"href":"https:\/\/kekvilag.fokolare.hu\/index.php?rest_route=\/wp\/v2\/pages\/2\/revisions"}],"wp:attachment":[{"href":"https:\/\/kekvilag.fokolare.hu\/index.php?rest_route=%2Fwp%2Fv2%2Fmedia&parent=2"}],"curies":[{"name":"wp","href":"https:\/\/api.w.org\/{rel}","templated":true}]}}